{"id":1571,"date":"2020-07-31T09:36:15","date_gmt":"2020-07-31T09:36:15","guid":{"rendered":"https:\/\/navisrent.com\/?page_id=1571"},"modified":"2025-07-22T18:16:52","modified_gmt":"2025-07-22T18:16:52","slug":"cjenik","status":"publish","type":"page","link":"https:\/\/navisrent.com\/hr\/cjenik\/","title":{"rendered":"Cjenik"},"content":{"rendered":"<div class=\"wpb-content-wrapper\"><p>[vc_row css=&#8221;.vc_custom_1556484376874{margin-top: -80px !important;}&#8221;][vc_column]<div class=\"cz_gap clr  hide_on_mobile\" style=\"height: 150px\"><\/div><div class=\"cz_gap show_on_mobile clr\" style=\"height: 50px\"><\/div>[\/vc_column][\/vc_row][vc_row equal_height=&#8221;yes&#8221; css=&#8221;.vc_custom_1624093350700{margin-right: 30px !important;margin-left: 30px !important;}&#8221;][vc_column width=&#8221;1\/2&#8243; offset=&#8221;vc_col-lg-6 vc_col-md-6&#8243;]<div class=\"cz_eqh cz_content_box_parent_fx  \"><div id=\"cz_91311\" class=\"cz_91311 cz_content_box clr\"><div class=\"cz_box_front clr\"><div class=\"cz_box_front_inner clr \"><span><\/span><div><div id=\"cz_90432\" class=\"cz_90432 cz_title clr cz_smart_fs cz_mobile_text_center cz_title_pos_inline\"><div class=\"cz_title_content\"><div class=\"cz_wpe_content\"><h2><span style=\"color: #ffffff;\">CJENIK NAJMA BRODOVA<br \/>\n<\/span><\/h2>\n<\/div><\/div><\/div><div class=\"cz_gap clr  hide_on_mobile\" style=\"height: 32px\"><\/div><div class=\"cz_gap show_on_mobile clr\" style=\"height: 50px\"><\/div><ul id=\"cz_107632\" class=\"cz_107632 cz_stylish_list clr cz_sl_icon_hover_zoom_in\"><li class=\"clr\"><div class=\"cz_sl_icon\"><i class=\"fas fa-chevron-circle-right mr10\" ><\/i><\/div><div><span>Gorivo nije uklju\u010deno u cijenu<\/span><\/div><\/li><li class=\"clr\"><div class=\"cz_sl_icon\"><i class=\"fas fa-chevron-circle-right mr10\" ><\/i><\/div><div><span>Cijena skippera po danu 120 \u20ac<\/span><\/div><\/li><li class=\"clr\"><div class=\"cz_sl_icon\"><i class=\"fas fa-chevron-circle-right mr10\" ><\/i><\/div><div><span>Tuba: 30 \u20ac \/ dan<\/span><\/div><\/li><li class=\"clr\"><div class=\"cz_sl_icon\"><i class=\"fas fa-chevron-circle-right mr10\" ><\/i><\/div><div><span>Skije 50 \u20ac \/ dan<\/span><\/div><\/li><\/ul><\/div><\/div><\/div><\/div><\/div><div class=\"cz_gap clr \" style=\"height: 75px\"><\/div>[\/vc_column][vc_column width=&#8221;1\/2&#8243; offset=&#8221;vc_col-lg-6 vc_col-md-6&#8243;]<div id=\"cz_16338\" class=\"cz_16338 services clr style11 cz_sbi_fx_9a services_b\"><div class=\"service_img\"><img decoding=\"async\" width=\"200\" height=\"200\" src=\"data:image\/svg+xml,%3Csvg%20xmlns%3D&#39;http%3A%2F%2Fwww.w3.org%2F2000%2Fsvg&#39;%20width=&#39;200&#39;%20height=&#39;200&#39;%20viewBox%3D&#39;0%200%20200%20200&#39;%2F%3E\" data-czlz data-src=\"https:\/\/navisrent.com\/wp-content\/uploads\/2024\/08\/quicksilver-active-675-open-thumb-2.jpg\" class=\"service-icon attachment-full\" alt=\"\" title=\"quicksilver-active-675-open-thumb-2\" data-srcset=\"https:\/\/navisrent.com\/wp-content\/uploads\/2024\/08\/quicksilver-active-675-open-thumb-2.jpg 200w, https:\/\/navisrent.com\/wp-content\/uploads\/2024\/08\/quicksilver-active-675-open-thumb-2-150x150.jpg 150w, https:\/\/navisrent.com\/wp-content\/uploads\/2024\/08\/quicksilver-active-675-open-thumb-2-32x32.jpg 32w\" data-sizes=\"(max-width: 200px) 100vw, 200px\" \/><\/div><div class=\"service_text\"><h3>QUICKSILVER ACTIVE 675 OPEN<\/h3><div class=\"cz_wpe_content\"><table style=\"border-collapse: collapse; width: 100%;\">\n<tbody>\n<tr>\n<td style=\"width: 50%;\">01. 05. &#8211; 30. 06.<\/td>\n<td style=\"width: 50%;\">290 EUR<\/td>\n<\/tr>\n<tr>\n<td style=\"width: 50%;\">01. 07. &#8211; 31.08.<\/td>\n<td style=\"width: 50%;\">390 EUR<\/td>\n<\/tr>\n<tr>\n<td style=\"width: 50%;\">01.09. &#8211;\u00a0 30.09.<\/td>\n<td style=\"width: 50%;\">290 EUR<\/td>\n<\/tr>\n<\/tbody>\n<\/table>\n<\/div><\/div><\/div><div class=\"cz_gap clr \" style=\"height: 50px\"><\/div>[\/vc_column][\/vc_row][vc_row css=&#8221;.vc_custom_1624093318884{margin-right: 30px !important;margin-left: 30px !important;}&#8221;][vc_column width=&#8221;1\/6&#8243; offset=&#8221;vc_col-lg-6 vc_col-md-6&#8243;]<div class=\"cz_gap clr \" style=\"height: 50px\"><\/div><div id=\"cz_14884\" class=\"cz_14884 services clr style11 cz_sbi_fx_9a services_b\"><div class=\"service_img\"><img decoding=\"async\" width=\"200\" height=\"200\" src=\"data:image\/svg+xml,%3Csvg%20xmlns%3D&#39;http%3A%2F%2Fwww.w3.org%2F2000%2Fsvg&#39;%20width=&#39;200&#39;%20height=&#39;200&#39;%20viewBox%3D&#39;0%200%20200%20200&#39;%2F%3E\" data-czlz data-src=\"https:\/\/navisrent.com\/wp-content\/uploads\/2022\/07\/nautilus-670-open-thumb.jpg\" class=\"service-icon attachment-full\" alt=\"\" title=\"nautilus-670-open-thumb\" data-srcset=\"https:\/\/navisrent.com\/wp-content\/uploads\/2022\/07\/nautilus-670-open-thumb.jpg 200w, https:\/\/navisrent.com\/wp-content\/uploads\/2022\/07\/nautilus-670-open-thumb-150x150.jpg 150w, https:\/\/navisrent.com\/wp-content\/uploads\/2022\/07\/nautilus-670-open-thumb-32x32.jpg 32w\" data-sizes=\"(max-width: 200px) 100vw, 200px\" \/><\/div><div class=\"service_text\"><h3>NAUTILUS 670 OPEN<\/h3><div class=\"cz_wpe_content\"><table style=\"border-collapse: collapse; width: 100%;\">\n<tbody>\n<tr>\n<td style=\"width: 50%;\">01. 05. &#8211; 30. 06.<\/td>\n<td style=\"width: 50%;\">230 EUR<\/td>\n<\/tr>\n<tr>\n<td style=\"width: 50%;\">01. 07. &#8211; 31. 08.<\/td>\n<td style=\"width: 50%;\">250 EUR<\/td>\n<\/tr>\n<tr>\n<td style=\"width: 50%;\">01. 09. &#8211; 30. 09.<\/td>\n<td style=\"width: 50%;\">230 EUR<\/td>\n<\/tr>\n<\/tbody>\n<\/table>\n<\/div><\/div><\/div>[\/vc_column][vc_column width=&#8221;1\/2&#8243; offset=&#8221;vc_col-lg-6 vc_col-md-6&#8243;]<div class=\"cz_gap clr \" style=\"height: 50px\"><\/div><div id=\"cz_57574\" class=\"cz_57574 services clr style11 cz_sbi_fx_9a services_b\"><div class=\"service_img\"><img decoding=\"async\" width=\"200\" height=\"200\" src=\"data:image\/svg+xml,%3Csvg%20xmlns%3D&#39;http%3A%2F%2Fwww.w3.org%2F2000%2Fsvg&#39;%20width=&#39;200&#39;%20height=&#39;200&#39;%20viewBox%3D&#39;0%200%20200%20200&#39;%2F%3E\" data-czlz data-src=\"https:\/\/navisrent.com\/wp-content\/uploads\/2021\/06\/quicksilver-thumb-novo.jpg\" class=\"service-icon attachment-full\" alt=\"\" title=\"quicksilver-thumb-novo\" data-srcset=\"https:\/\/navisrent.com\/wp-content\/uploads\/2021\/06\/quicksilver-thumb-novo.jpg 200w, https:\/\/navisrent.com\/wp-content\/uploads\/2021\/06\/quicksilver-thumb-novo-150x150.jpg 150w, https:\/\/navisrent.com\/wp-content\/uploads\/2021\/06\/quicksilver-thumb-novo-32x32.jpg 32w\" data-sizes=\"(max-width: 200px) 100vw, 200px\" \/><\/div><div class=\"service_text\"><h3>QUICKSILVER ACTIV 605 OPEN<\/h3><div class=\"cz_wpe_content\"><table style=\"border-collapse: collapse; width: 100%;\">\n<tbody>\n<tr>\n<td style=\"width: 50%;\">01. 05. &#8211; 30. 06.<\/td>\n<td style=\"width: 50%;\">230 EUR<\/td>\n<\/tr>\n<tr>\n<td style=\"width: 50%;\">01. 07. &#8211; 31. 08.<\/td>\n<td style=\"width: 50%;\">270 EUR<\/td>\n<\/tr>\n<tr>\n<td style=\"width: 50%;\">01. 09. &#8211; 30. 09.<\/td>\n<td style=\"width: 50%;\">230 EUR<\/td>\n<\/tr>\n<\/tbody>\n<\/table>\n<\/div><\/div><\/div>[\/vc_column][\/vc_row][vc_row css=&#8221;.vc_custom_1624093318884{margin-right: 30px !important;margin-left: 30px !important;}&#8221;][vc_column width=&#8221;1\/6&#8243; offset=&#8221;vc_col-lg-6 vc_col-md-6&#8243;]<div class=\"cz_gap clr \" style=\"height: 50px\"><\/div><div id=\"cz_26116\" class=\"cz_26116 services clr style11 cz_sbi_fx_9a services_b\"><div class=\"service_img\"><img decoding=\"async\" width=\"120\" height=\"120\" src=\"data:image\/svg+xml,%3Csvg%20xmlns%3D&#39;http%3A%2F%2Fwww.w3.org%2F2000%2Fsvg&#39;%20width=&#39;120&#39;%20height=&#39;120&#39;%20viewBox%3D&#39;0%200%20120%20120&#39;%2F%3E\" data-czlz data-src=\"https:\/\/navisrent.com\/wp-content\/uploads\/2020\/08\/prince-cjenik.png\" class=\"service-icon attachment-full\" alt=\"PRINCE 570 OPEN\" title=\"prince-cjenik\" data-srcset=\"https:\/\/navisrent.com\/wp-content\/uploads\/2020\/08\/prince-cjenik.png 120w, https:\/\/navisrent.com\/wp-content\/uploads\/2020\/08\/prince-cjenik-32x32.png 32w\" data-sizes=\"(max-width: 120px) 100vw, 120px\" \/><\/div><div class=\"service_text\"><h3>PRINCE 570 OPEN<\/h3><div class=\"cz_wpe_content\"><table style=\"border-collapse: collapse; width: 100%;\">\n<tbody>\n<tr>\n<td style=\"width: 50%;\">01. 05. &#8211; 30. 06.<\/td>\n<td style=\"width: 50%;\">200 EUR<\/td>\n<\/tr>\n<tr>\n<td style=\"width: 50%;\">01. 07. &#8211; 31. 08.<\/td>\n<td style=\"width: 50%;\">230 EUR<\/td>\n<\/tr>\n<tr>\n<td style=\"width: 50%;\">01. 09. &#8211; 30. 09.<\/td>\n<td style=\"width: 50%;\">200 EUR<\/td>\n<\/tr>\n<\/tbody>\n<\/table>\n<\/div><\/div><\/div>[\/vc_column][vc_column width=&#8221;1\/2&#8243; offset=&#8221;vc_col-lg-6 vc_col-md-6&#8243;][\/vc_column][\/vc_row][vc_row css=&#8221;.vc_custom_1556484376874{margin-top: -80px !important;}&#8221;][vc_column]<div class=\"cz_gap clr \" style=\"height: 20px\"><\/div>[\/vc_column][\/vc_row][vc_row full_width=&#8221;stretch_row&#8221; css=&#8221;.vc_custom_1556034684251{background-color: #0eaed0 !important;}&#8221;][vc_column]<div class=\"cz_gap clr  hide_on_tablet hide_on_mobile\" style=\"height: 130px\"><\/div><div class=\"cz_gap show_on_tablet clr \" style=\"height: 60px\"><\/div><div id=\"cz_48337\" class=\"cz_48337 cz_title clr cz_smart_fs cz_mobile_text_center cz_title_pos_inline tac\"><div class=\"cz_title_content\"><div class=\"cz_wpe_content\"><h2 style=\"text-align: center;\"><span style=\"color: #ffffff;\">PRIVATNI IZLETI SA SKIPPEROM<br \/>\n<\/span><\/h2>\n<\/div><\/div><\/div><div class=\"cz_gap clr \" style=\"height: 40px\"><\/div>[vc_row_inner][vc_column_inner width=&#8221;1\/4&#8243;][\/vc_column_inner][vc_column_inner width=&#8221;1\/2&#8243;]<div id=\"cz_102427\" class=\"cz_102427 cz_title clr cz_mobile_text_center cz_title_pos_inline tac\"><div class=\"cz_title_content\"><div class=\"cz_wpe_content\"><p style=\"text-align: center;\"><span style=\"color: #ffffff;\"><span style=\"font-size: 18px;\">Izleti su specifi\u010dni te se u potpunosti prilago\u0111avamo Va\u0161im \u017eeljama. Iz tog razloga cijena je na upit.<\/span> <\/span><\/p>\n<\/div><\/div><\/div>[\/vc_column_inner][vc_column_inner width=&#8221;1\/4&#8243;][\/vc_column_inner][\/vc_row_inner]<div class=\"cz_gap clr  hide_on_tablet hide_on_mobile\" style=\"height: 130px\"><\/div><div class=\"cz_gap show_on_tablet clr \" style=\"height: 60px\"><\/div>[\/vc_column][\/vc_row][vc_row][vc_column]<div class=\"codevz-page-content-element\"><div data-cz-style='.vc_custom_1595831540771{margin-bottom: -150px !important;}.vc_custom_1596791231735{padding-top: 160px !important;background-color: #28364b !important;}.vc_custom_1549286125738{margin-bottom: 60px !important;}.vc_custom_1596446615912{margin-top: 25px !important;}#cz_106176 .cz_title_content{margin-bottom:15px}#cz_66074 .cz_vp_c{margin-top:25px;box-shadow:0px 0px 30px 10px rgba(0,0,0,0.4)}#cz_66074 span{color:#ffffff;background-color:#0eaed0}#cz_65221 .cz_title_content{margin-bottom:0px}#cz_50924 .cz_title_content{margin-bottom:15px}#cz_28948{font-size:18px;color:#0eaed0;font-weight:500;margin-top:25px}#cz_28948 small{font-size:15px;color:#ffffff;line-height:1;margin-top:-3px}#cz_28948 i{font-size:26px;color:#ffffff;background-color:#0eaed0;padding:0px;margin-top:5px;border-radius:6px}#cz_75502, #cz_75502:before{font-size:16px;color:#ffffff;background-color:#0eaed0;padding-top:8px;padding-bottom:10px;margin-top:5px;border-radius:6px}#cz_75502:hover, #cz_75502:after{color:#ffffff;background-color:#0eaed0}#cz_75502 i{font-size:28px;margin-top:-2px}#cz_65221 .cz_title_content{margin-bottom:0px}#cz_110792 .cz_title_content{margin-bottom:25px}#cz_110792 .cz_shape_1{background-color:#0eaed0;width:60px;height:10px;border-radius:30px;top:0px}#cz_110792 .cz_shape_2{background-color:rgba(14,174,208,0.54);width:100px;height:3px;border-radius:30px;top:3px}#cz_50924 .cz_title_content{margin-bottom:15px}#cz_72541{font-size:18px;color:#0eaed0;font-weight:500}#cz_72541 small{font-size:15px;color:#ffffff;line-height:1;margin-top:-3px}#cz_72541 i{font-size:26px;color:#ffffff;background-color:#0eaed0;padding:0px;margin-top:5px;border-radius:6px}#cz_91083 .cz_title_content{margin-bottom:15px}#cz_92473 .cz_vp_c{margin-top:25px;box-shadow:0px 0px 30px 10px rgba(0,0,0,0.4)}#cz_92473 span{color:#ffffff;background-color:#0eaed0}@media screen and (max-width:991px){#cz_106176 .cz_shape_1{left:calc(50% - 40px)}}@media screen and (max-width:991px){#cz_50924 .cz_shape_1{left:calc(50% - 40px)}}@media screen and (max-width:991px){#cz_110792 .cz_shape_1{left:calc(50% - 30px)}#cz_110792 .cz_shape_2{left:calc(50% - 50px)}}@media screen and (max-width:991px){#cz_50924 .cz_shape_1{left:calc(50% - 40px)}}@media screen and (max-width:991px){#cz_91083 .cz_shape_1{left:calc(50% - 40px)}}@media screen and (max-width:480px){#cz_106176 .cz_shape_1{left:calc(50% - 40px)}#cz_106176 .cz_shape_2{width:140px;left:calc(50% - 80px)}}@media screen and (max-width:480px){#cz_50924 .cz_shape_1{left:calc(50% - 40px)}#cz_50924 .cz_shape_2{width:140px;left:calc(50% - 80px)}}@media screen and (max-width:480px){#cz_110792 .cz_shape_1{left:calc(50% - 30px)}#cz_110792 .cz_shape_2{left:calc(50% - 50px)}}@media screen and (max-width:480px){#cz_50924 .cz_shape_1{left:calc(50% - 40px)}#cz_50924 .cz_shape_2{width:140px;left:calc(50% - 80px)}}@media screen and (max-width:480px){#cz_91083 .cz_shape_1{left:calc(50% - 40px)}#cz_91083 .cz_shape_2{width:140px;left:calc(50% - 80px)}}'>[vc_row][vc_column]<div class=\"cz_gap clr  hide_on_tablet hide_on_mobile\" style=\"height: 200px\"><\/div><div class=\"cz_gap show_on_tablet clr \" style=\"height: 150px\"><\/div>[\/vc_column][\/vc_row][vc_row full_width=\"stretch_row\" bg_type=\"image\" parallax_style=\"vcpb-default\" bg_image_new=\"id^1432|url^https:\/\/navisrent.com\/wp-content\/uploads\/2020\/07\/bova-ok.png|caption^null|alt^null|title^bova-ok|description^null\" bg_image_repeat=\"no-repeat\" bg_image_size=\"contain\" bg_image_posiiton=\"-20px 0px\" kswr_row_top_decor_enabled=\"false\" kswr_row_bottom_decor_enabled=\"false\" el_id=\"bova_div\" css=\".vc_custom_1595831540771{margin-bottom: -150px !important;}\"][vc_column][\/vc_column][\/vc_row][vc_row full_width=\"stretch_row\" content_placement=\"top\" bg_type=\"image\" parallax_style=\"vcpb-default\" bg_image_new=\"id^1428|url^https:\/\/navisrent.com\/wp-content\/uploads\/2020\/07\/home-more-bg.jpg|caption^null|alt^null|title^home-more-bg|description^null\" bg_image_repeat=\"no-repeat\" bg_image_posiiton=\"center top\" kswr_row_top_decor_enabled=\"false\" kswr_row_bottom_decor_enabled=\"false\" el_id=\"more_div\" css=\".vc_custom_1596791231735{padding-top: 160px !important;background-color: #28364b !important;}\"][vc_column width=\"2\/5\"]<div class=\"cz_eqh cz_content_box_parent_fx  \"><div id=\"cz_86670\" class=\"cz_86670 cz_content_box clr hide_on_desktop hide_on_tablet show_on_mobile\"><div class=\"cz_box_front clr\"><div class=\"cz_box_front_inner clr \"><span><\/span><div><div id=\"cz_106176\" class=\"cz_106176 cz_title clr cz_smart_fs cz_mobile_text_center cz_title_pos_inline tac\"><div class=\"cz_title_content\"><div class=\"cz_wpe_content\"><h2 style=\"text-align: center;\"><span style=\"color: #0eaed0; font-weight: bold;\">POGLEDAJTE NA\u0160 VIDEO<\/span><\/h2>\n<\/div><\/div><\/div>[vc_column_text el_class=\"big white\"]\r\n<p style=\"text-align: center;\"><span style=\"color: #ffffff;\">Uvjerite se i sami kakva vas avantura o\u010dekuje uz Navis Rent a boat.\r\n<\/span><\/p>\r\n[\/vc_column_text]<div id=\"cz_66074\" class=\"cz_66074 cz_video_popup clr cz_video_popup_c\"><div><div class=\"cz_vp_c\"><a href=\"https:\/\/www.youtube.com\/watch?v=OF9J4lJ21Wc\" target=\"_blank\" rel=\"noopener\"><img decoding=\"async\" width=\"800\" height=\"485\" src=\"data:image\/svg+xml,%3Csvg%20xmlns%3D&#39;http%3A%2F%2Fwww.w3.org%2F2000%2Fsvg&#39;%20width=&#39;800&#39;%20height=&#39;485&#39;%20viewBox%3D&#39;0%200%20800%20485&#39;%2F%3E\" data-czlz data-src=\"https:\/\/navisrent.com\/wp-content\/uploads\/2020\/07\/video-placeholder.jpg\" class=\"attachment-full\" alt=\"\" title=\"video-placeholder\" data-srcset=\"https:\/\/navisrent.com\/wp-content\/uploads\/2020\/07\/video-placeholder.jpg 800w, https:\/\/navisrent.com\/wp-content\/uploads\/2020\/07\/video-placeholder-300x182.jpg 300w, https:\/\/navisrent.com\/wp-content\/uploads\/2020\/07\/video-placeholder-768x466.jpg 768w, https:\/\/navisrent.com\/wp-content\/uploads\/2020\/07\/video-placeholder-600x364.jpg 600w\" data-sizes=\"(max-width: 800px) 100vw, 800px\" \/><div class=\"cz_vp_inner\"><span><i class=\"fa fa-play\"><\/i><\/span><\/div><\/a><\/div><\/div><\/div><\/div><\/div><\/div><\/div><\/div><div class=\"cz_eqh cz_content_box_parent_fx  \"><div id=\"cz_105897\" class=\"cz_105897 cz_content_box clr\"><div class=\"cz_box_front clr\"><div class=\"cz_box_front_inner clr \"><span><\/span><div><div id=\"cz_65221\" class=\"cz_65221 cz_title clr cz_smart_fs cz_mobile_text_center cz_title_pos_inline\"><div class=\"cz_title_content\"><div class=\"cz_wpe_content\"><h3 style=\"margin-bottom: 15px;\"><span style=\"font-weight: 300; color: rgba(14, 174, 208, 0.35);\">NAVIS RENT A BOAT<\/span><\/h3>\n<\/div><\/div><\/div><div id=\"cz_50924\" class=\"cz_50924 cz_title clr cz_smart_fs cz_mobile_text_center cz_title_pos_inline\"><div class=\"cz_title_content\"><div class=\"cz_wpe_content\"><h2><span style=\"color: #0eaed0; font-weight: bold;\">OBRATITE SE S POVJERENJEM<br \/>\n<\/span><\/h2>\n<\/div><\/div><\/div>[vc_column_text css=\".vc_custom_1596446615912{margin-top: 25px !important;}\" el_class=\"big white\"]<span style=\"color: #ffffff;\">Rado \u0107emo odgovoriti na sva Va\u0161a pitanja.\r\n<\/span>[\/vc_column_text]<ul id=\"cz_28948\" class=\"cz_28948 cz_stylish_list clr cz_sl_icon_hover_zoom_in\"><li class=\"clr\"><a href=\"tel:+385921981431\"><div class=\"cz_sl_icon\"><i class=\"fas fa-phone-volume mr10\" ><\/i><\/div><div><span>+385 92 198 1431<small>Mihajla<\/small><\/span><\/div><\/a><\/li><li class=\"clr\"><a href=\"tel:+385922449334\"><div class=\"cz_sl_icon\"><i class=\"fas fa-phone-volume mr10\" ><\/i><\/div><div><span>+385 92 244 9334<small>Nikola<\/small><\/span><\/div><\/a><\/li><li class=\"clr\"><a href=\"tel:+385953555183\"><div class=\"cz_sl_icon\"><i class=\"fas fa-phone-volume mr10\" ><\/i><\/div><div><span>+385 95 355 5183<small>David<\/small><\/span><\/div><\/a><\/li><\/ul><div class=\"\"><div class=\"cz_75502_p\"><a id=\"cz_75502\" class=\"cz_75502 cz_btn cz_btn_txt_no_fx cz_btn_zoom_in cz_mobile_btn_center\" href=\"https:\/\/navisrent.com\/hr\/kontakt\/\"><span><i class=\"fa czico-088-envelope-of-white-paper\"><\/i><strong>Upit za rezervaciju<\/strong><\/span><b class=\"cz_btn_onhover\"><i class=\"fa czico-088-envelope-of-white-paper\"><\/i><strong>Upit za rezervaciju<\/strong><\/b><\/a><\/div><\/div><\/div><\/div><\/div><\/div><\/div>[\/vc_column][vc_column width=\"3\/5\" css=\".vc_custom_1549286125738{margin-bottom: 60px !important;}\" el_class=\"video_mod\"]<div class=\"cz_eqh cz_content_box_parent_fx  \"><div id=\"cz_109996\" class=\"cz_109996 cz_content_box clr hide_on_desktop hide_on_tablet hide_on_mobile show_on_mobile\"><div class=\"cz_box_front clr\"><div class=\"cz_box_front_inner clr \"><span><\/span><div><div id=\"cz_65221\" class=\"cz_65221 cz_title clr cz_smart_fs cz_mobile_text_center cz_title_pos_inline\"><div class=\"cz_title_content\"><div class=\"cz_wpe_content\"><h3 style=\"margin-bottom: 15px;\"><span style=\"font-weight: 300; color: rgba(14, 174, 208, 0.35);\">NAVIS RENT A BOAT<\/span><\/h3>\n<\/div><\/div><\/div><div id=\"cz_110792\" class=\"cz_110792 cz_title clr cz_smart_fs cz_mobile_text_center cz_title_pos_inline\"><div class=\"cz_title_shape shape_square cz_shape_1\"><\/div><div class=\"cz_title_shape shape_square cz_shape_2\"><\/div><div class=\"cz_title_content\"><div class=\"cz_wpe_content\"><\/div><\/div><\/div><div id=\"cz_50924\" class=\"cz_50924 cz_title clr cz_smart_fs cz_mobile_text_center cz_title_pos_inline\"><div class=\"cz_title_content\"><div class=\"cz_wpe_content\"><h2><span style=\"color: #0eaed0; font-weight: bold;\">OBRATITE SE S POVJERENJEM<br \/>\n<\/span><\/h2>\n<\/div><\/div><\/div>[vc_column_text el_class=\"big white\"]<span style=\"color: #ffffff;\">Rado \u0107emo odgovoriti na sva Va\u0161a pitanja.\r\n<\/span>[\/vc_column_text]<ul id=\"cz_72541\" class=\"cz_72541 cz_stylish_list clr cz_sl_icon_hover_zoom_in\"><li class=\"clr\"><a href=\"tel:+385921981431\"><div class=\"cz_sl_icon\"><i class=\"fas fa-phone-volume mr10\" ><\/i><\/div><div><span>+385 92 198 1431<small>Mihajla \u0160karpa<\/small><\/span><\/div><\/a><\/li><li class=\"clr\"><a href=\"tel:+385922449334\"><div class=\"cz_sl_icon\"><i class=\"fas fa-phone-volume mr10\" ><\/i><\/div><div><span>+385 92 244 9334<small>Nikola \u0160karpa<\/small><\/span><\/div><\/a><\/li><\/ul><\/div><\/div><\/div><\/div><\/div><div class=\"cz_eqh cz_content_box_parent_fx  \"><div id=\"cz_33407\" class=\"cz_33407 cz_content_box clr hide_on_mobile\"><div class=\"cz_box_front clr\"><div class=\"cz_box_front_inner clr \"><span><\/span><div><div id=\"cz_91083\" class=\"cz_91083 cz_title clr cz_smart_fs cz_mobile_text_center cz_title_pos_inline tac\"><div class=\"cz_title_content\"><div class=\"cz_wpe_content\"><h2 style=\"text-align: center;\"><span style=\"color: #0eaed0; font-weight: 500;\">POGLEDAJTE NA\u0160 VIDEO<\/span><\/h2>\n<\/div><\/div><\/div>[vc_column_text el_class=\"big white\"]\r\n<p style=\"text-align: center;\"><span style=\"color: #ffffff;\">Uvjerite se i sami kakva vas avantura o\u010dekuje uz Navis Rent a boat.\r\n<\/span><\/p>\r\n[\/vc_column_text]<div id=\"cz_92473\" class=\"cz_92473 cz_video_popup clr cz_video_popup_c\"><div><div class=\"cz_vp_c\"><a href=\"https:\/\/www.youtube.com\/watch?v=OF9J4lJ21Wc\" target=\"_blank\" rel=\"noopener\"><img decoding=\"async\" width=\"800\" height=\"485\" src=\"data:image\/svg+xml,%3Csvg%20xmlns%3D&#39;http%3A%2F%2Fwww.w3.org%2F2000%2Fsvg&#39;%20width=&#39;800&#39;%20height=&#39;485&#39;%20viewBox%3D&#39;0%200%20800%20485&#39;%2F%3E\" data-czlz data-src=\"https:\/\/navisrent.com\/wp-content\/uploads\/2020\/07\/video-placeholder.jpg\" class=\"attachment-full\" alt=\"\" title=\"video-placeholder\" data-srcset=\"https:\/\/navisrent.com\/wp-content\/uploads\/2020\/07\/video-placeholder.jpg 800w, https:\/\/navisrent.com\/wp-content\/uploads\/2020\/07\/video-placeholder-300x182.jpg 300w, https:\/\/navisrent.com\/wp-content\/uploads\/2020\/07\/video-placeholder-768x466.jpg 768w, https:\/\/navisrent.com\/wp-content\/uploads\/2020\/07\/video-placeholder-600x364.jpg 600w\" data-sizes=\"(max-width: 800px) 100vw, 800px\" \/><div class=\"cz_vp_inner\"><span><i class=\"fa fa-play\"><\/i><\/span><\/div><\/a><\/div><\/div><\/div><\/div><\/div><\/div><\/div><\/div>[\/vc_column][\/vc_row]<\/div><\/div>[\/vc_column][\/vc_row]<\/p>\n<\/div>","protected":false},"excerpt":{"rendered":"<p>[vc_row css=&#8221;.vc_custom_1556484376874{margin-top: -80px !important;}&#8221;][vc_column][\/vc_column][\/vc_row][vc_row equal_height=&#8221;yes&#8221; css=&#8221;.vc_custom_1624093350700{margin-right: 30px !important;margin-left: 30px !important;}&#8221;][vc_column width=&#8221;1\/2&#8243; &#8230; <\/p>\n","protected":false},"author":1,"featured_media":0,"parent":0,"menu_order":0,"comment_status":"closed","ping_status":"closed","template":"","meta":{"footnotes":""},"class_list":["post-1571","page","type-page","status-publish","hentry"],"_links":{"self":[{"href":"https:\/\/navisrent.com\/hr\/wp-json\/wp\/v2\/pages\/1571"}],"collection":[{"href":"https:\/\/navisrent.com\/hr\/wp-json\/wp\/v2\/pages"}],"about":[{"href":"https:\/\/navisrent.com\/hr\/wp-json\/wp\/v2\/types\/page"}],"author":[{"embeddable":true,"href":"https:\/\/navisrent.com\/hr\/wp-json\/wp\/v2\/users\/1"}],"replies":[{"embeddable":true,"href":"https:\/\/navisrent.com\/hr\/wp-json\/wp\/v2\/comments?post=1571"}],"version-history":[{"count":33,"href":"https:\/\/navisrent.com\/hr\/wp-json\/wp\/v2\/pages\/1571\/revisions"}],"predecessor-version":[{"id":2253,"href":"https:\/\/navisrent.com\/hr\/wp-json\/wp\/v2\/pages\/1571\/revisions\/2253"}],"wp:attachment":[{"href":"https:\/\/navisrent.com\/hr\/wp-json\/wp\/v2\/media?parent=1571"}],"curies":[{"name":"wp","href":"https:\/\/api.w.org\/{rel}","templated":true}]}}