{"id":1701,"date":"2020-08-07T08:56:43","date_gmt":"2020-08-07T08:56:43","guid":{"rendered":"https:\/\/navisrent.com\/?page_id=1701"},"modified":"2020-08-28T10:26:46","modified_gmt":"2020-08-28T10:26:46","slug":"uvjeti-poslovanja","status":"publish","type":"page","link":"https:\/\/navisrent.com\/hr\/uvjeti-poslovanja\/","title":{"rendered":"Uvjeti poslovanja"},"content":{"rendered":"<p>Najmodavac iznajmljuje najmoprimcu plovilo po sljede\u0107im uvjetima:<\/p>\n<ol>\n<li>Da svojeru\u010dno potpi\u0161e ugovor o najmu i time se usuglasi s odredbama ugovora.<\/li>\n<li>Plovila imaju osiguranje prema tre\u0107em licu. Ako \u0161tetu po\u010dinite svojom krivnjom, obvezni ste je platiti. Procjenu \u0161tete obavlja vlasnik broda, s procjenom ste suglasni. Kasko fran\u0161iza je 200\u20ac, ostalo pla\u0107a osiguranje.<\/li>\n<li>Najmoprimac mora posjedovati dokument za upravljanje plovilom ili sam snosi odgovornost.<\/li>\n<li>Najmodavac \u0107e predavati samo kompletno opremljena plovila, napunjena gorivom i u besprijekornom stanju, a isto takvo stanje o\u010dekuje se i kod povrata broda. Plovilo se predaje u dogovoreno vrijeme i na ugovorenom mjestu. Kod dnevnog najma plovila preuzimanje je u 9 sati, a primopredaja do 18 sati ili prema dogovoru.<\/li>\n<li>Najmoprimac prilikom iznajmljivanja plovila mora uz cijenu najma polo\u017eiti i depozit koji mu se po isteku najma vra\u0107a, ako su oprema i plovilo u ispravnom stanju.<\/li>\n<li>Plovilo isklju\u010divo mo\u017ee upravljati najmoprimac, jer u u suprotnom gubi pravo na povrat depozita. Nije dopu\u0161ten podnajam ili prepu\u0161tanja plovila tre\u0107oj osobi.<\/li>\n<li>Ako najmoprimac iz bilo kojeg razloga prijevremeno prekine ugovor, novac od pla\u0107enog najma se ne vra\u0107a.<\/li>\n<li>Najmodavac odre\u0111uje koliko osoba plovilo mo\u017ee prevozit. Taj broj ne smije biti prekora\u010den.<\/li>\n<li>Najmoprimac je u slu\u010daju havarije obvezan pozvati najmodavca i lu\u010du ispostavu koja \u0107e sastaviti zapisnik te plovilo za\u0161titi za vrijeme postupka. U protivnom sam snosi odgovornost za mogu\u0107e posljedice.<\/li>\n<li>Za vrijeme trajanja najma zabranjeno je iznositi pripadaju\u0107u opremu.<\/li>\n<li>U slu\u010daju neslaganja u tuma\u010denju hrvatskog teksta s nekim od drugih stranih jezika ,hrvatski tekst \u0107e imati prednost.<\/li>\n<li>Arbitra\u017ea \u2013 za sve eventualne slu\u010dajeve koji se ne\u0107e rije\u0161iti mirnim putem, mjerodavan je Op\u0107inski sud u Krku.<\/li>\n<\/ol>\n","protected":false},"excerpt":{"rendered":"<p>Najmodavac iznajmljuje najmoprimcu plovilo po sljede\u0107im uvjetima: Da svojeru\u010dno potpi\u0161e ugovor &#8230; <\/p>\n","protected":false},"author":1,"featured_media":0,"parent":0,"menu_order":0,"comment_status":"closed","ping_status":"closed","template":"","meta":{"footnotes":""},"class_list":["post-1701","page","type-page","status-publish","hentry"],"_links":{"self":[{"href":"https:\/\/navisrent.com\/hr\/wp-json\/wp\/v2\/pages\/1701"}],"collection":[{"href":"https:\/\/navisrent.com\/hr\/wp-json\/wp\/v2\/pages"}],"about":[{"href":"https:\/\/navisrent.com\/hr\/wp-json\/wp\/v2\/types\/page"}],"author":[{"embeddable":true,"href":"https:\/\/navisrent.com\/hr\/wp-json\/wp\/v2\/users\/1"}],"replies":[{"embeddable":true,"href":"https:\/\/navisrent.com\/hr\/wp-json\/wp\/v2\/comments?post=1701"}],"version-history":[{"count":3,"href":"https:\/\/navisrent.com\/hr\/wp-json\/wp\/v2\/pages\/1701\/revisions"}],"predecessor-version":[{"id":1917,"href":"https:\/\/navisrent.com\/hr\/wp-json\/wp\/v2\/pages\/1701\/revisions\/1917"}],"wp:attachment":[{"href":"https:\/\/navisrent.com\/hr\/wp-json\/wp\/v2\/media?parent=1701"}],"curies":[{"name":"wp","href":"https:\/\/api.w.org\/{rel}","templated":true}]}}